{"id":6359,"date":"2026-01-17T22:48:41","date_gmt":"2026-01-17T21:48:41","guid":{"rendered":"https:\/\/ultramastering.net\/?page_id=6359"},"modified":"2026-01-20T18:43:21","modified_gmt":"2026-01-20T17:43:21","slug":"terminosycondiciones","status":"publish","type":"page","link":"https:\/\/ultramastering.net\/es\/terminosycondiciones\/","title":{"rendered":"TyC &#8211; T\u00c9RMINOS Y CONDICIONES"},"content":{"rendered":"<div id=\"fws_69d2a5c22c511\"  data-column-margin=\"default\" data-midnight=\"dark\"  class=\"wpb_row vc_row-fluid vc_row\"  style=\"padding-top: 0px; padding-bottom: 0px; \"><div class=\"row-bg-wrap\" data-bg-animation=\"none\" data-bg-animation-delay=\"\" data-bg-overlay=\"false\"><div class=\"inner-wrap row-bg-layer\" ><div class=\"row-bg viewport-desktop\"  style=\"\"><\/div><\/div><\/div><div class=\"row_col_wrap_12 col span_12 dark left\">\n\t<div  class=\"vc_col-sm-12 wpb_column column_container vc_column_container col no-extra-padding inherit_tablet inherit_phone\"  data-padding-pos=\"all\" data-has-bg-color=\"false\" data-bg-color=\"\" data-bg-opacity=\"1\" data-animation=\"\" data-delay=\"0\" >\n\t\t<div class=\"vc_column-inner\" >\n\t\t\t<div class=\"wpb_wrapper\">\n\t\t\t\t<h2 style=\"text-align: left;font-family:Abril Fatface;font-weight:400;font-style:normal\" class=\"vc_custom_heading\" >TyC &#8211; T\u00c9RMINOS Y CONDICIONES<\/h2>\n\t\t\t<\/div> \n\t\t<\/div>\n\t<\/div> \n<\/div><\/div>\n\t\t<div id=\"fws_69d2a5c22cd57\"  data-column-margin=\"default\" data-midnight=\"dark\"  class=\"wpb_row vc_row-fluid vc_row\"  style=\"padding-top: 0px; padding-bottom: 0px; \"><div class=\"row-bg-wrap\" data-bg-animation=\"none\" data-bg-animation-delay=\"\" data-bg-overlay=\"false\"><div class=\"inner-wrap row-bg-layer\" ><div class=\"row-bg viewport-desktop\"  style=\"\"><\/div><\/div><\/div><div class=\"row_col_wrap_12 col span_12 dark left\">\n\t<div  class=\"vc_col-sm-12 wpb_column column_container vc_column_container col no-extra-padding inherit_tablet inherit_phone\"  data-padding-pos=\"all\" data-has-bg-color=\"false\" data-bg-color=\"\" data-bg-opacity=\"1\" data-animation=\"\" data-delay=\"0\" >\n\t\t<div class=\"vc_column-inner\" >\n\t\t\t<div class=\"wpb_wrapper\">\n\t\t\t\t\n<div class=\"wpb_text_column wpb_content_element\" >\n\t<div class=\"wpb_wrapper\">\n\t\t<p><b>Descripci\u00f3n del servicio<\/b><\/p>\n<p class=\"p3\">Ultra Mastering ofrece servicios profesionales de:<\/p>\n<ul>\n<li>\n<p class=\"p1\">Mezcla de audio<\/p>\n<\/li>\n<li>\n<p class=\"p1\">Masterizaci\u00f3n<\/p>\n<\/li>\n<li>\n<p class=\"p1\">Mastering por Stems<\/p>\n<\/li>\n<li>\n<p class=\"p1\">Producci\u00f3n musical<\/p>\n<\/li>\n<li>\n<p class=\"p1\">Grabaci\u00f3n de audio presencial<\/p>\n<\/li>\n<\/ul>\n<p class=\"p3\">Los servicios pueden prestarse de forma online y\/o presencial, seg\u00fan el caso.<\/p>\n<p>&nbsp;<\/p>\n<p><b>Contrataci\u00f3n<\/b><\/p>\n<p class=\"p3\">Los servicios podr\u00e1n contratarse:<\/p>\n<ul>\n<li>\n<p class=\"p1\">A trav\u00e9s de plataformas externas como <span class=\"s1\"><b>EngineEars<\/b><b><\/b><\/span><\/p>\n<\/li>\n<li>\n<p class=\"p1\">Mediante acuerdos directos con el cliente<\/p>\n<\/li>\n<\/ul>\n<p class=\"p3\">En caso de contrataci\u00f3n a trav\u00e9s de plataformas externas, se aplicar\u00e1n tambi\u00e9n los t\u00e9rminos y condiciones de dichas plataformas.<\/p>\n<p>&nbsp;<\/p>\n<p><b>Pagos<\/b><\/p>\n<p class=\"p3\">El pago del servicio se realizar\u00e1 <span class=\"s2\"><b>por adelantado en su totalidad<\/b><\/span>, salvo acuerdo expreso entre las partes.<\/p>\n<p class=\"p3\">No se iniciar\u00e1 ning\u00fan trabajo sin la confirmaci\u00f3n del pago.<\/p>\n<p>&nbsp;<\/p>\n<p><b>Revisiones<\/b><\/p>\n<p class=\"p3\">Cada servicio incluye <span class=\"s2\"><b>hasta dos (2) revisiones<\/b><\/span>, entendidas como ajustes razonables sobre el trabajo entregado.<\/p>\n<p class=\"p3\">Cambios creativos sustanciales, modificaciones estructurales o trabajos adicionales podr\u00e1n presupuestarse aparte.<\/p>\n<p>&nbsp;<\/p>\n<p><b>Pol\u00edtica de reembolsos<\/b><\/p>\n<p class=\"p3\">Debido a la naturaleza <span class=\"s2\"><b>intangible y personalizada<\/b><\/span> de los servicios prestados, <span class=\"s2\"><b>no se admiten reembolsos<\/b><\/span> una vez iniciado el trabajo.<\/p>\n<p>&nbsp;<\/p>\n<p><b>Entregables<\/b><\/p>\n<p class=\"p3\">Los formatos de entrega podr\u00e1n incluir archivos WAV, MP3 u otros previamente acordados.<\/p>\n<p class=\"p3\">No se entregar\u00e1n proyectos de sesi\u00f3n de DAW salvo acuerdo expreso por escrito.<\/p>\n<p>&nbsp;<\/p>\n<p><b>Plazos de entrega<\/b><\/p>\n<p class=\"p3\">Los plazos de entrega son estimados y pueden variar en funci\u00f3n del proyecto, la carga de trabajo y el tiempo de respuesta del cliente.<\/p>\n<p class=\"p3\">La falta de respuesta por parte del cliente podr\u00e1 suspender temporalmente el proyecto.<\/p>\n<p>&nbsp;<\/p>\n<p><b>Derechos de autor<\/b><\/p>\n<p class=\"p3\">El cliente adquirir\u00e1 los derechos sobre el material final entregado <span class=\"s2\"><b>una vez realizado el pago completo<\/b><\/span>.<\/p>\n<p class=\"p3\">Ultra Mastering se reserva el derecho de utilizar fragmentos del trabajo con fines promocionales, portfolio o demostrativos, salvo solicitud expresa de confidencialidad por parte del cliente.<\/p>\n<p><b>Limitaci\u00f3n de responsabilidad<\/b><\/p>\n<p class=\"p3\">Ultra Mastering no garantiza resultados comerciales, art\u00edsticos o de aceptaci\u00f3n por parte de terceros (sellos discogr\u00e1ficos, plataformas digitales, p\u00fablico, etc.).<\/p>\n<p class=\"p3\">La responsabilidad del prestador quedar\u00e1 limitada, como m\u00e1ximo, al importe abonado por el cliente.<\/p>\n<p>&nbsp;<\/p>\n<p><b>Legislaci\u00f3n aplicable<\/b><\/p>\n<p class=\"p3\">Los presentes T\u00e9rminos y Condiciones se rigen por la legislaci\u00f3n espa\u00f1ola.<\/p>\n\t<\/div>\n<\/div>\n\n\n\n\n\t\t\t<\/div> \n\t\t<\/div>\n\t<\/div> \n<\/div><\/div>","protected":false},"excerpt":{"rendered":"TyC &#8211; T\u00c9RMINOS Y CONDICIONES Descripci\u00f3n del servicio Ultra Mastering ofrece servicios profesionales de: Mezcla de audio Mastering Stem Mastering Producci\u00f3n musical Grabaci\u00f3n de audio presencial Los servicios pueden prestarse...","protected":false},"author":1,"featured_media":0,"parent":0,"menu_order":0,"comment_status":"closed","ping_status":"closed","template":"","meta":{"footnotes":""},"class_list":["post-6359","page","type-page","status-publish"],"yoast_head":"<!-- This site is optimized with the Yoast SEO plugin v25.9 - https:\/\/yoast.com\/wordpress\/plugins\/seo\/ -->\n<title>TyC - T\u00c9RMINOS Y CONDICIONES<\/title>\n<meta name=\"robots\" content=\"index, follow, max-snippet:-1, max-image-preview:large, max-video-preview:-1\" \/>\n<link rel=\"canonical\" href=\"https:\/\/ultramastering.net\/es\/terminosycondiciones\/\" \/>\n<meta property=\"og:locale\" content=\"es_ES\" \/>\n<meta property=\"og:type\" content=\"article\" \/>\n<meta property=\"og:title\" content=\"TyC - T\u00c9RMINOS Y CONDICIONES\" \/>\n<meta property=\"og:url\" content=\"https:\/\/ultramastering.net\/es\/terminosycondiciones\/\" \/>\n<meta property=\"og:site_name\" content=\"ULTRA MASTERING\" \/>\n<meta property=\"article:modified_time\" content=\"2026-01-20T17:43:21+00:00\" \/>\n<meta property=\"og:image\" content=\"https:\/\/ultramastering.net\/wp-content\/uploads\/2023\/02\/ultra-mastering-IG-1.png\" \/>\n\t<meta property=\"og:image:width\" content=\"3000\" \/>\n\t<meta property=\"og:image:height\" content=\"3000\" \/>\n\t<meta property=\"og:image:type\" content=\"image\/png\" \/>\n<meta name=\"twitter:card\" content=\"summary_large_image\" \/>\n<meta name=\"twitter:label1\" content=\"Tiempo de lectura\" \/>\n\t<meta name=\"twitter:data1\" content=\"2 minutos\" \/>\n<script type=\"application\/ld+json\" class=\"yoast-schema-graph\">{\"@context\":\"https:\/\/schema.org\",\"@graph\":[{\"@type\":\"WebPage\",\"@id\":\"https:\/\/ultramastering.net\/terminosycondiciones\/\",\"url\":\"https:\/\/ultramastering.net\/terminosycondiciones\/\",\"name\":\"TyC - T\u00c9RMINOS Y CONDICIONES\",\"isPartOf\":{\"@id\":\"https:\/\/ultramastering.net\/#website\"},\"datePublished\":\"2026-01-17T21:48:41+00:00\",\"dateModified\":\"2026-01-20T17:43:21+00:00\",\"breadcrumb\":{\"@id\":\"https:\/\/ultramastering.net\/terminosycondiciones\/#breadcrumb\"},\"inLanguage\":\"es\",\"potentialAction\":[{\"@type\":\"ReadAction\",\"target\":[\"https:\/\/ultramastering.net\/terminosycondiciones\/\"]}]},{\"@type\":\"BreadcrumbList\",\"@id\":\"https:\/\/ultramastering.net\/terminosycondiciones\/#breadcrumb\",\"itemListElement\":[{\"@type\":\"ListItem\",\"position\":1,\"name\":\"Home\",\"item\":\"https:\/\/ultramastering.net\/\"},{\"@type\":\"ListItem\",\"position\":2,\"name\":\"TyC &#8211; T\u00c9RMINOS Y CONDICIONES\"}]},{\"@type\":\"WebSite\",\"@id\":\"https:\/\/ultramastering.net\/#website\",\"url\":\"https:\/\/ultramastering.net\/\",\"name\":\"ULTRA MASTERING\",\"description\":\"Online Mixing and Mastering services for everyone.\",\"publisher\":{\"@id\":\"https:\/\/ultramastering.net\/#organization\"},\"potentialAction\":[{\"@type\":\"SearchAction\",\"target\":{\"@type\":\"EntryPoint\",\"urlTemplate\":\"https:\/\/ultramastering.net\/?s={search_term_string}\"},\"query-input\":{\"@type\":\"PropertyValueSpecification\",\"valueRequired\":true,\"valueName\":\"search_term_string\"}}],\"inLanguage\":\"es\"},{\"@type\":\"Organization\",\"@id\":\"https:\/\/ultramastering.net\/#organization\",\"name\":\"Ultra Mastering\",\"url\":\"https:\/\/ultramastering.net\/\",\"logo\":{\"@type\":\"ImageObject\",\"inLanguage\":\"es\",\"@id\":\"https:\/\/ultramastering.net\/#\/schema\/logo\/image\/\",\"url\":\"https:\/\/ultramastering.net\/wp-content\/uploads\/2023\/02\/ultra-mastering-IG.png\",\"contentUrl\":\"https:\/\/ultramastering.net\/wp-content\/uploads\/2023\/02\/ultra-mastering-IG.png\",\"width\":3000,\"height\":3000,\"caption\":\"Ultra Mastering\"},\"image\":{\"@id\":\"https:\/\/ultramastering.net\/#\/schema\/logo\/image\/\"}}]}<\/script>\n<!-- \/ Yoast SEO plugin. -->","yoast_head_json":{"title":"TyC - T\u00c9RMINOS Y CONDICIONES","robots":{"index":"index","follow":"follow","max-snippet":"max-snippet:-1","max-image-preview":"max-image-preview:large","max-video-preview":"max-video-preview:-1"},"canonical":"https:\/\/ultramastering.net\/es\/terminosycondiciones\/","og_locale":"es_ES","og_type":"article","og_title":"TyC - T\u00c9RMINOS Y CONDICIONES","og_url":"https:\/\/ultramastering.net\/es\/terminosycondiciones\/","og_site_name":"ULTRA MASTERING","article_modified_time":"2026-01-20T17:43:21+00:00","og_image":[{"width":3000,"height":3000,"url":"https:\/\/ultramastering.net\/wp-content\/uploads\/2023\/02\/ultra-mastering-IG-1.png","type":"image\/png"}],"twitter_card":"summary_large_image","twitter_misc":{"Tiempo de lectura":"2 minutos"},"schema":{"@context":"https:\/\/schema.org","@graph":[{"@type":"WebPage","@id":"https:\/\/ultramastering.net\/terminosycondiciones\/","url":"https:\/\/ultramastering.net\/terminosycondiciones\/","name":"TyC - T\u00c9RMINOS Y CONDICIONES","isPartOf":{"@id":"https:\/\/ultramastering.net\/#website"},"datePublished":"2026-01-17T21:48:41+00:00","dateModified":"2026-01-20T17:43:21+00:00","breadcrumb":{"@id":"https:\/\/ultramastering.net\/terminosycondiciones\/#breadcrumb"},"inLanguage":"es","potentialAction":[{"@type":"ReadAction","target":["https:\/\/ultramastering.net\/terminosycondiciones\/"]}]},{"@type":"BreadcrumbList","@id":"https:\/\/ultramastering.net\/terminosycondiciones\/#breadcrumb","itemListElement":[{"@type":"ListItem","position":1,"name":"Home","item":"https:\/\/ultramastering.net\/"},{"@type":"ListItem","position":2,"name":"TyC &#8211; T\u00c9RMINOS Y CONDICIONES"}]},{"@type":"WebSite","@id":"https:\/\/ultramastering.net\/#website","url":"https:\/\/ultramastering.net\/","name":"ULTRA MASTERING","description":"Online Mixing and Mastering services for everyone.","publisher":{"@id":"https:\/\/ultramastering.net\/#organization"},"potentialAction":[{"@type":"SearchAction","target":{"@type":"EntryPoint","urlTemplate":"https:\/\/ultramastering.net\/?s={search_term_string}"},"query-input":{"@type":"PropertyValueSpecification","valueRequired":true,"valueName":"search_term_string"}}],"inLanguage":"es"},{"@type":"Organization","@id":"https:\/\/ultramastering.net\/#organization","name":"Ultra Mastering","url":"https:\/\/ultramastering.net\/","logo":{"@type":"ImageObject","inLanguage":"es","@id":"https:\/\/ultramastering.net\/#\/schema\/logo\/image\/","url":"https:\/\/ultramastering.net\/wp-content\/uploads\/2023\/02\/ultra-mastering-IG.png","contentUrl":"https:\/\/ultramastering.net\/wp-content\/uploads\/2023\/02\/ultra-mastering-IG.png","width":3000,"height":3000,"caption":"Ultra Mastering"},"image":{"@id":"https:\/\/ultramastering.net\/#\/schema\/logo\/image\/"}}]}},"_links":{"self":[{"href":"https:\/\/ultramastering.net\/es\/wp-json\/wp\/v2\/pages\/6359","targetHints":{"allow":["GET"]}}],"collection":[{"href":"https:\/\/ultramastering.net\/es\/wp-json\/wp\/v2\/pages"}],"about":[{"href":"https:\/\/ultramastering.net\/es\/wp-json\/wp\/v2\/types\/page"}],"author":[{"embeddable":true,"href":"https:\/\/ultramastering.net\/es\/wp-json\/wp\/v2\/users\/1"}],"replies":[{"embeddable":true,"href":"https:\/\/ultramastering.net\/es\/wp-json\/wp\/v2\/comments?post=6359"}],"version-history":[{"count":3,"href":"https:\/\/ultramastering.net\/es\/wp-json\/wp\/v2\/pages\/6359\/revisions"}],"predecessor-version":[{"id":6364,"href":"https:\/\/ultramastering.net\/es\/wp-json\/wp\/v2\/pages\/6359\/revisions\/6364"}],"wp:attachment":[{"href":"https:\/\/ultramastering.net\/es\/wp-json\/wp\/v2\/media?parent=6359"}],"curies":[{"name":"wp","href":"https:\/\/api.w.org\/{rel}","templated":true}]}}