{"id":6350,"date":"2026-01-17T17:43:15","date_gmt":"2026-01-17T16:43:15","guid":{"rendered":"https:\/\/ultramastering.net\/?page_id=6350"},"modified":"2026-01-17T22:42:44","modified_gmt":"2026-01-17T21:42:44","slug":"politica-de-privacidad","status":"publish","type":"page","link":"https:\/\/ultramastering.net\/es\/politica-de-privacidad\/","title":{"rendered":"POL\u00cdTICA DE PRIVACIDAD"},"content":{"rendered":"<div id=\"fws_69d2a3647ecb9\"  data-column-margin=\"default\" data-midnight=\"dark\"  class=\"wpb_row vc_row-fluid vc_row\"  style=\"padding-top: 0px; padding-bottom: 0px; \"><div class=\"row-bg-wrap\" data-bg-animation=\"none\" data-bg-animation-delay=\"\" data-bg-overlay=\"false\"><div class=\"inner-wrap row-bg-layer\" ><div class=\"row-bg viewport-desktop\"  style=\"\"><\/div><\/div><\/div><div class=\"row_col_wrap_12 col span_12 dark left\">\n\t<div  class=\"vc_col-sm-12 wpb_column column_container vc_column_container col no-extra-padding inherit_tablet inherit_phone\"  data-padding-pos=\"all\" data-has-bg-color=\"false\" data-bg-color=\"\" data-bg-opacity=\"1\" data-animation=\"\" data-delay=\"0\" >\n\t\t<div class=\"vc_column-inner\" >\n\t\t\t<div class=\"wpb_wrapper\">\n\t\t\t\t<h2 style=\"text-align: left;font-family:Abril Fatface;font-weight:400;font-style:normal\" class=\"vc_custom_heading\" >POL\u00cdTICA DE PRIVACIDAD<\/h2>\n\t\t\t<\/div> \n\t\t<\/div>\n\t<\/div> \n<\/div><\/div>\n\t\t<div id=\"fws_69d2a3647f447\"  data-column-margin=\"default\" data-midnight=\"dark\"  class=\"wpb_row vc_row-fluid vc_row\"  style=\"padding-top: 0px; padding-bottom: 0px; \"><div class=\"row-bg-wrap\" data-bg-animation=\"none\" data-bg-animation-delay=\"\" data-bg-overlay=\"false\"><div class=\"inner-wrap row-bg-layer\" ><div class=\"row-bg viewport-desktop\"  style=\"\"><\/div><\/div><\/div><div class=\"row_col_wrap_12 col span_12 dark left\">\n\t<div  class=\"vc_col-sm-12 wpb_column column_container vc_column_container col no-extra-padding inherit_tablet inherit_phone\"  data-padding-pos=\"all\" data-has-bg-color=\"false\" data-bg-color=\"\" data-bg-opacity=\"1\" data-animation=\"\" data-delay=\"0\" >\n\t\t<div class=\"vc_column-inner\" >\n\t\t\t<div class=\"wpb_wrapper\">\n\t\t\t\t\n<div class=\"wpb_text_column wpb_content_element\" >\n\t<div class=\"wpb_wrapper\">\n\t\t<p><strong>Responsable del tratamiento<br \/>\n<\/strong>\u2022 Responsable: David Mu\u00f1oz Gil<br \/>\n\u2022 Email: hello@ultramastering.net<br \/>\n\u2022 Pa\u00eds: Espa\u00f1a<\/p>\n<p><strong>Datos personales recogidos<\/strong><\/p>\n<p>Este sitio web puede recoger datos personales a trav\u00e9s de:<br \/>\n\u2022 Formularios de contacto<br \/>\n\u2022 Correos electr\u00f3nicos enviados por el usuario<br \/>\n\u2022 Cookies t\u00e9cnicas y de terceros<\/p>\n<p>Los datos tratados pueden incluir nombre, direcci\u00f3n de correo electr\u00f3nico y cualquier informaci\u00f3n facilitada voluntariamente por el usuario.<\/p>\n<p><strong>Finalidad del tratamiento<\/strong><\/p>\n<p>Los datos personales se utilizan para:<br \/>\n\u2022 Atender consultas o solicitudes<br \/>\n\u2022 Gestionar comunicaciones profesionales<br \/>\n\u2022 Prestar informaci\u00f3n sobre servicios ofrecidos<\/p>\n<p><strong>Base legal<\/strong><\/p>\n<p>La base legal para el tratamiento de los datos es:<br \/>\n\u2022 El consentimiento del usuario<br \/>\n\u2022 La ejecuci\u00f3n de una relaci\u00f3n precontractual o contractual<\/p>\n<p><strong>Conservaci\u00f3n de los datos<\/strong><\/p>\n<p>Los datos se conservar\u00e1n durante el tiempo necesario para cumplir con la finalidad para la que fueron recabados o mientras exista una relaci\u00f3n profesional.<\/p>\n<p><strong>Derechos del usuario<\/strong><\/p>\n<p>El usuario puede ejercer los siguientes derechos:<br \/>\n\u2022 Acceso<br \/>\n\u2022 Rectificaci\u00f3n<br \/>\n\u2022 Supresi\u00f3n<br \/>\n\u2022 Limitaci\u00f3n<br \/>\n\u2022 Oposici\u00f3n<br \/>\n\u2022 Portabilidad<\/p>\n<p>Para ejercerlos, puede enviar un email a hello@ultramastering.net.<\/p>\n<p><strong>Seguridad<\/strong><\/p>\n<p>El titular adopta las medidas t\u00e9cnicas y organizativas necesarias para garantizar la seguridad de los datos personales y evitar su p\u00e9rdida, alteraci\u00f3n o acceso no autorizado.<\/p>\n\t<\/div>\n<\/div>\n\n\n\n\n\t\t\t<\/div> \n\t\t<\/div>\n\t<\/div> \n<\/div><\/div>","protected":false},"excerpt":{"rendered":"POL\u00cdTICA DE PRIVACIDAD Responsable del tratamiento \u2022 Responsable: David Mu\u00f1oz Gil \u2022 Email: hello@ultramastering.net \u2022 Pa\u00eds: Espa\u00f1a Datos personales recogidos Este sitio web puede recoger datos personales a trav\u00e9s de:...","protected":false},"author":1,"featured_media":0,"parent":0,"menu_order":0,"comment_status":"closed","ping_status":"closed","template":"","meta":{"footnotes":""},"class_list":["post-6350","page","type-page","status-publish"],"yoast_head":"<!-- This site is optimized with the Yoast SEO plugin v25.9 - https:\/\/yoast.com\/wordpress\/plugins\/seo\/ -->\n<title>POL\u00cdTICA DE PRIVACIDAD<\/title>\n<meta name=\"robots\" content=\"index, follow, max-snippet:-1, max-image-preview:large, max-video-preview:-1\" \/>\n<link rel=\"canonical\" href=\"https:\/\/ultramastering.net\/es\/politica-de-privacidad\/\" \/>\n<meta property=\"og:locale\" content=\"es_ES\" \/>\n<meta property=\"og:type\" content=\"article\" \/>\n<meta property=\"og:title\" content=\"POL\u00cdTICA DE PRIVACIDAD\" \/>\n<meta property=\"og:url\" content=\"https:\/\/ultramastering.net\/es\/politica-de-privacidad\/\" \/>\n<meta property=\"og:site_name\" content=\"ULTRA MASTERING\" \/>\n<meta property=\"article:modified_time\" content=\"2026-01-17T21:42:44+00:00\" \/>\n<meta property=\"og:image\" content=\"https:\/\/ultramastering.net\/wp-content\/uploads\/2023\/02\/ultra-mastering-IG-1.png\" \/>\n\t<meta property=\"og:image:width\" content=\"3000\" \/>\n\t<meta property=\"og:image:height\" content=\"3000\" \/>\n\t<meta property=\"og:image:type\" content=\"image\/png\" \/>\n<meta name=\"twitter:card\" content=\"summary_large_image\" \/>\n<meta name=\"twitter:label1\" content=\"Tiempo de lectura\" \/>\n\t<meta name=\"twitter:data1\" content=\"1 minuto\" \/>\n<script type=\"application\/ld+json\" class=\"yoast-schema-graph\">{\"@context\":\"https:\/\/schema.org\",\"@graph\":[{\"@type\":\"WebPage\",\"@id\":\"https:\/\/ultramastering.net\/politica-de-privacidad\/\",\"url\":\"https:\/\/ultramastering.net\/politica-de-privacidad\/\",\"name\":\"POL\u00cdTICA DE PRIVACIDAD\",\"isPartOf\":{\"@id\":\"https:\/\/ultramastering.net\/#website\"},\"datePublished\":\"2026-01-17T16:43:15+00:00\",\"dateModified\":\"2026-01-17T21:42:44+00:00\",\"breadcrumb\":{\"@id\":\"https:\/\/ultramastering.net\/politica-de-privacidad\/#breadcrumb\"},\"inLanguage\":\"es\",\"potentialAction\":[{\"@type\":\"ReadAction\",\"target\":[\"https:\/\/ultramastering.net\/politica-de-privacidad\/\"]}]},{\"@type\":\"BreadcrumbList\",\"@id\":\"https:\/\/ultramastering.net\/politica-de-privacidad\/#breadcrumb\",\"itemListElement\":[{\"@type\":\"ListItem\",\"position\":1,\"name\":\"Home\",\"item\":\"https:\/\/ultramastering.net\/\"},{\"@type\":\"ListItem\",\"position\":2,\"name\":\"POL\u00cdTICA DE PRIVACIDAD\"}]},{\"@type\":\"WebSite\",\"@id\":\"https:\/\/ultramastering.net\/#website\",\"url\":\"https:\/\/ultramastering.net\/\",\"name\":\"ULTRA MASTERING\",\"description\":\"Online Mixing and Mastering services for everyone.\",\"publisher\":{\"@id\":\"https:\/\/ultramastering.net\/#organization\"},\"potentialAction\":[{\"@type\":\"SearchAction\",\"target\":{\"@type\":\"EntryPoint\",\"urlTemplate\":\"https:\/\/ultramastering.net\/?s={search_term_string}\"},\"query-input\":{\"@type\":\"PropertyValueSpecification\",\"valueRequired\":true,\"valueName\":\"search_term_string\"}}],\"inLanguage\":\"es\"},{\"@type\":\"Organization\",\"@id\":\"https:\/\/ultramastering.net\/#organization\",\"name\":\"Ultra Mastering\",\"url\":\"https:\/\/ultramastering.net\/\",\"logo\":{\"@type\":\"ImageObject\",\"inLanguage\":\"es\",\"@id\":\"https:\/\/ultramastering.net\/#\/schema\/logo\/image\/\",\"url\":\"https:\/\/ultramastering.net\/wp-content\/uploads\/2023\/02\/ultra-mastering-IG.png\",\"contentUrl\":\"https:\/\/ultramastering.net\/wp-content\/uploads\/2023\/02\/ultra-mastering-IG.png\",\"width\":3000,\"height\":3000,\"caption\":\"Ultra Mastering\"},\"image\":{\"@id\":\"https:\/\/ultramastering.net\/#\/schema\/logo\/image\/\"}}]}<\/script>\n<!-- \/ Yoast SEO plugin. -->","yoast_head_json":{"title":"POL\u00cdTICA DE PRIVACIDAD","robots":{"index":"index","follow":"follow","max-snippet":"max-snippet:-1","max-image-preview":"max-image-preview:large","max-video-preview":"max-video-preview:-1"},"canonical":"https:\/\/ultramastering.net\/es\/politica-de-privacidad\/","og_locale":"es_ES","og_type":"article","og_title":"POL\u00cdTICA DE PRIVACIDAD","og_url":"https:\/\/ultramastering.net\/es\/politica-de-privacidad\/","og_site_name":"ULTRA MASTERING","article_modified_time":"2026-01-17T21:42:44+00:00","og_image":[{"width":3000,"height":3000,"url":"https:\/\/ultramastering.net\/wp-content\/uploads\/2023\/02\/ultra-mastering-IG-1.png","type":"image\/png"}],"twitter_card":"summary_large_image","twitter_misc":{"Tiempo de lectura":"1 minuto"},"schema":{"@context":"https:\/\/schema.org","@graph":[{"@type":"WebPage","@id":"https:\/\/ultramastering.net\/politica-de-privacidad\/","url":"https:\/\/ultramastering.net\/politica-de-privacidad\/","name":"POL\u00cdTICA DE PRIVACIDAD","isPartOf":{"@id":"https:\/\/ultramastering.net\/#website"},"datePublished":"2026-01-17T16:43:15+00:00","dateModified":"2026-01-17T21:42:44+00:00","breadcrumb":{"@id":"https:\/\/ultramastering.net\/politica-de-privacidad\/#breadcrumb"},"inLanguage":"es","potentialAction":[{"@type":"ReadAction","target":["https:\/\/ultramastering.net\/politica-de-privacidad\/"]}]},{"@type":"BreadcrumbList","@id":"https:\/\/ultramastering.net\/politica-de-privacidad\/#breadcrumb","itemListElement":[{"@type":"ListItem","position":1,"name":"Home","item":"https:\/\/ultramastering.net\/"},{"@type":"ListItem","position":2,"name":"POL\u00cdTICA DE PRIVACIDAD"}]},{"@type":"WebSite","@id":"https:\/\/ultramastering.net\/#website","url":"https:\/\/ultramastering.net\/","name":"ULTRA MASTERING","description":"Online Mixing and Mastering services for everyone.","publisher":{"@id":"https:\/\/ultramastering.net\/#organization"},"potentialAction":[{"@type":"SearchAction","target":{"@type":"EntryPoint","urlTemplate":"https:\/\/ultramastering.net\/?s={search_term_string}"},"query-input":{"@type":"PropertyValueSpecification","valueRequired":true,"valueName":"search_term_string"}}],"inLanguage":"es"},{"@type":"Organization","@id":"https:\/\/ultramastering.net\/#organization","name":"Ultra Mastering","url":"https:\/\/ultramastering.net\/","logo":{"@type":"ImageObject","inLanguage":"es","@id":"https:\/\/ultramastering.net\/#\/schema\/logo\/image\/","url":"https:\/\/ultramastering.net\/wp-content\/uploads\/2023\/02\/ultra-mastering-IG.png","contentUrl":"https:\/\/ultramastering.net\/wp-content\/uploads\/2023\/02\/ultra-mastering-IG.png","width":3000,"height":3000,"caption":"Ultra Mastering"},"image":{"@id":"https:\/\/ultramastering.net\/#\/schema\/logo\/image\/"}}]}},"_links":{"self":[{"href":"https:\/\/ultramastering.net\/es\/wp-json\/wp\/v2\/pages\/6350","targetHints":{"allow":["GET"]}}],"collection":[{"href":"https:\/\/ultramastering.net\/es\/wp-json\/wp\/v2\/pages"}],"about":[{"href":"https:\/\/ultramastering.net\/es\/wp-json\/wp\/v2\/types\/page"}],"author":[{"embeddable":true,"href":"https:\/\/ultramastering.net\/es\/wp-json\/wp\/v2\/users\/1"}],"replies":[{"embeddable":true,"href":"https:\/\/ultramastering.net\/es\/wp-json\/wp\/v2\/comments?post=6350"}],"version-history":[{"count":2,"href":"https:\/\/ultramastering.net\/es\/wp-json\/wp\/v2\/pages\/6350\/revisions"}],"predecessor-version":[{"id":6355,"href":"https:\/\/ultramastering.net\/es\/wp-json\/wp\/v2\/pages\/6350\/revisions\/6355"}],"wp:attachment":[{"href":"https:\/\/ultramastering.net\/es\/wp-json\/wp\/v2\/media?parent=6350"}],"curies":[{"name":"wp","href":"https:\/\/api.w.org\/{rel}","templated":true}]}}