{"id":6348,"date":"2026-01-17T17:41:18","date_gmt":"2026-01-17T16:41:18","guid":{"rendered":"https:\/\/ultramastering.net\/?page_id=6348"},"modified":"2026-01-17T19:31:10","modified_gmt":"2026-01-17T18:31:10","slug":"avisolegal","status":"publish","type":"page","link":"https:\/\/ultramastering.net\/es\/avisolegal\/","title":{"rendered":"AVISO LEGAL"},"content":{"rendered":"<div id=\"fws_69d2a45da7f12\"  data-column-margin=\"default\" data-midnight=\"dark\"  class=\"wpb_row vc_row-fluid vc_row\"  style=\"padding-top: 0px; padding-bottom: 0px; \"><div class=\"row-bg-wrap\" data-bg-animation=\"none\" data-bg-animation-delay=\"\" data-bg-overlay=\"false\"><div class=\"inner-wrap row-bg-layer\" ><div class=\"row-bg viewport-desktop\"  style=\"\"><\/div><\/div><\/div><div class=\"row_col_wrap_12 col span_12 dark left\">\n\t<div  class=\"vc_col-sm-12 wpb_column column_container vc_column_container col no-extra-padding inherit_tablet inherit_phone\"  data-padding-pos=\"all\" data-has-bg-color=\"false\" data-bg-color=\"\" data-bg-opacity=\"1\" data-animation=\"\" data-delay=\"0\" >\n\t\t<div class=\"vc_column-inner\" >\n\t\t\t<div class=\"wpb_wrapper\">\n\t\t\t\t<h2 style=\"text-align: left;font-family:Abril Fatface;font-weight:400;font-style:normal\" class=\"vc_custom_heading\" >AVISO LEGAL<\/h2>\n\t\t\t<\/div> \n\t\t<\/div>\n\t<\/div> \n<\/div><\/div>\n\t\t<div id=\"fws_69d2a45da85f6\"  data-column-margin=\"default\" data-midnight=\"dark\"  class=\"wpb_row vc_row-fluid vc_row\"  style=\"padding-top: 0px; padding-bottom: 0px; \"><div class=\"row-bg-wrap\" data-bg-animation=\"none\" data-bg-animation-delay=\"\" data-bg-overlay=\"false\"><div class=\"inner-wrap row-bg-layer\" ><div class=\"row-bg viewport-desktop\"  style=\"\"><\/div><\/div><\/div><div class=\"row_col_wrap_12 col span_12 dark left\">\n\t<div  class=\"vc_col-sm-12 wpb_column column_container vc_column_container col no-extra-padding inherit_tablet inherit_phone\"  data-padding-pos=\"all\" data-has-bg-color=\"false\" data-bg-color=\"\" data-bg-opacity=\"1\" data-animation=\"\" data-delay=\"0\" >\n\t\t<div class=\"vc_column-inner\" >\n\t\t\t<div class=\"wpb_wrapper\">\n\t\t\t\t\n<div class=\"wpb_text_column wpb_content_element\" >\n\t<div class=\"wpb_wrapper\">\n\t\t<p>Titular del sitio web:<br \/>\nDavid Mu\u00f1oz Gil<\/p>\n<p>Nombre comercial:<br \/>\nUltra Mastering<\/p>\n<p>Correo electr\u00f3nico de contacto:<br \/>\nhello@ultramastering.net<\/p>\n<p>Pa\u00eds:<br \/>\nEspa\u00f1a<\/p>\n<p>&nbsp;<\/p>\n<p><strong>Objeto<\/strong><\/p>\n<p>El presente Aviso Legal regula el acceso, navegaci\u00f3n y uso del sitio web ultramastering.net, as\u00ed como las responsabilidades derivadas de la utilizaci\u00f3n de sus contenidos, servicios e informaci\u00f3n.<\/p>\n<p>El acceso y uso de este sitio web atribuye la condici\u00f3n de usuario, implicando la aceptaci\u00f3n plena y sin reservas de todas las disposiciones incluidas en este Aviso Legal.<\/p>\n<p>&nbsp;<\/p>\n<p><strong>Propiedad intelectual<\/strong><\/p>\n<p>Todos los contenidos del sitio web (textos, im\u00e1genes, logotipos, dise\u00f1o, estructura, etc.) son propiedad del titular o de terceros con licencia, quedando prohibida su reproducci\u00f3n, distribuci\u00f3n o modificaci\u00f3n sin autorizaci\u00f3n expresa.<\/p>\n<p>&nbsp;<\/p>\n<p><strong>Responsabilidad<\/strong><\/p>\n<p>El titular no se responsabiliza del mal uso que se realice del contenido del sitio web ni de los da\u00f1os que pudieran derivarse del acceso o uso del mismo.<\/p>\n<p>&nbsp;<\/p>\n<p><strong>Legislaci\u00f3n aplicable<\/strong><\/p>\n<p>El presente Aviso Legal se rige por la legislaci\u00f3n espa\u00f1ola.<br \/>\nCualquier controversia se someter\u00e1 a los juzgados y tribunales de Espa\u00f1a.<\/p>\n\t<\/div>\n<\/div>\n\n\n\n\n\t\t\t<\/div> \n\t\t<\/div>\n\t<\/div> \n<\/div><\/div>","protected":false},"excerpt":{"rendered":"AVISO LEGAL Titular del sitio web: David Mu\u00f1oz Gil Nombre comercial: Ultra Mastering Correo electr\u00f3nico de contacto: hello@ultramastering.net Pa\u00eds: Espa\u00f1a &nbsp; Objeto El presente Aviso Legal regula el acceso, navegaci\u00f3n...","protected":false},"author":1,"featured_media":0,"parent":0,"menu_order":0,"comment_status":"closed","ping_status":"closed","template":"","meta":{"footnotes":""},"class_list":["post-6348","page","type-page","status-publish"],"yoast_head":"<!-- This site is optimized with the Yoast SEO plugin v25.9 - https:\/\/yoast.com\/wordpress\/plugins\/seo\/ -->\n<title>AVISO LEGAL<\/title>\n<meta name=\"robots\" content=\"index, follow, max-snippet:-1, max-image-preview:large, max-video-preview:-1\" \/>\n<link rel=\"canonical\" href=\"https:\/\/ultramastering.net\/es\/avisolegal\/\" \/>\n<meta property=\"og:locale\" content=\"es_ES\" \/>\n<meta property=\"og:type\" content=\"article\" \/>\n<meta property=\"og:title\" content=\"AVISO LEGAL\" \/>\n<meta property=\"og:url\" content=\"https:\/\/ultramastering.net\/es\/avisolegal\/\" \/>\n<meta property=\"og:site_name\" content=\"ULTRA MASTERING\" \/>\n<meta property=\"article:modified_time\" content=\"2026-01-17T18:31:10+00:00\" \/>\n<meta property=\"og:image\" content=\"https:\/\/ultramastering.net\/wp-content\/uploads\/2023\/02\/ultra-mastering-IG-1.png\" \/>\n\t<meta property=\"og:image:width\" content=\"3000\" \/>\n\t<meta property=\"og:image:height\" content=\"3000\" \/>\n\t<meta property=\"og:image:type\" content=\"image\/png\" \/>\n<meta name=\"twitter:card\" content=\"summary_large_image\" \/>\n<meta name=\"twitter:label1\" content=\"Tiempo de lectura\" \/>\n\t<meta name=\"twitter:data1\" content=\"1 minuto\" \/>\n<script type=\"application\/ld+json\" class=\"yoast-schema-graph\">{\"@context\":\"https:\/\/schema.org\",\"@graph\":[{\"@type\":\"WebPage\",\"@id\":\"https:\/\/ultramastering.net\/avisolegal\/\",\"url\":\"https:\/\/ultramastering.net\/avisolegal\/\",\"name\":\"AVISO LEGAL\",\"isPartOf\":{\"@id\":\"https:\/\/ultramastering.net\/#website\"},\"datePublished\":\"2026-01-17T16:41:18+00:00\",\"dateModified\":\"2026-01-17T18:31:10+00:00\",\"breadcrumb\":{\"@id\":\"https:\/\/ultramastering.net\/avisolegal\/#breadcrumb\"},\"inLanguage\":\"es\",\"potentialAction\":[{\"@type\":\"ReadAction\",\"target\":[\"https:\/\/ultramastering.net\/avisolegal\/\"]}]},{\"@type\":\"BreadcrumbList\",\"@id\":\"https:\/\/ultramastering.net\/avisolegal\/#breadcrumb\",\"itemListElement\":[{\"@type\":\"ListItem\",\"position\":1,\"name\":\"Home\",\"item\":\"https:\/\/ultramastering.net\/\"},{\"@type\":\"ListItem\",\"position\":2,\"name\":\"AVISO LEGAL\"}]},{\"@type\":\"WebSite\",\"@id\":\"https:\/\/ultramastering.net\/#website\",\"url\":\"https:\/\/ultramastering.net\/\",\"name\":\"ULTRA MASTERING\",\"description\":\"Online Mixing and Mastering services for everyone.\",\"publisher\":{\"@id\":\"https:\/\/ultramastering.net\/#organization\"},\"potentialAction\":[{\"@type\":\"SearchAction\",\"target\":{\"@type\":\"EntryPoint\",\"urlTemplate\":\"https:\/\/ultramastering.net\/?s={search_term_string}\"},\"query-input\":{\"@type\":\"PropertyValueSpecification\",\"valueRequired\":true,\"valueName\":\"search_term_string\"}}],\"inLanguage\":\"es\"},{\"@type\":\"Organization\",\"@id\":\"https:\/\/ultramastering.net\/#organization\",\"name\":\"Ultra Mastering\",\"url\":\"https:\/\/ultramastering.net\/\",\"logo\":{\"@type\":\"ImageObject\",\"inLanguage\":\"es\",\"@id\":\"https:\/\/ultramastering.net\/#\/schema\/logo\/image\/\",\"url\":\"https:\/\/ultramastering.net\/wp-content\/uploads\/2023\/02\/ultra-mastering-IG.png\",\"contentUrl\":\"https:\/\/ultramastering.net\/wp-content\/uploads\/2023\/02\/ultra-mastering-IG.png\",\"width\":3000,\"height\":3000,\"caption\":\"Ultra Mastering\"},\"image\":{\"@id\":\"https:\/\/ultramastering.net\/#\/schema\/logo\/image\/\"}}]}<\/script>\n<!-- \/ Yoast SEO plugin. -->","yoast_head_json":{"title":"AVISO LEGAL","robots":{"index":"index","follow":"follow","max-snippet":"max-snippet:-1","max-image-preview":"max-image-preview:large","max-video-preview":"max-video-preview:-1"},"canonical":"https:\/\/ultramastering.net\/es\/avisolegal\/","og_locale":"es_ES","og_type":"article","og_title":"AVISO LEGAL","og_url":"https:\/\/ultramastering.net\/es\/avisolegal\/","og_site_name":"ULTRA MASTERING","article_modified_time":"2026-01-17T18:31:10+00:00","og_image":[{"width":3000,"height":3000,"url":"https:\/\/ultramastering.net\/wp-content\/uploads\/2023\/02\/ultra-mastering-IG-1.png","type":"image\/png"}],"twitter_card":"summary_large_image","twitter_misc":{"Tiempo de lectura":"1 minuto"},"schema":{"@context":"https:\/\/schema.org","@graph":[{"@type":"WebPage","@id":"https:\/\/ultramastering.net\/avisolegal\/","url":"https:\/\/ultramastering.net\/avisolegal\/","name":"AVISO LEGAL","isPartOf":{"@id":"https:\/\/ultramastering.net\/#website"},"datePublished":"2026-01-17T16:41:18+00:00","dateModified":"2026-01-17T18:31:10+00:00","breadcrumb":{"@id":"https:\/\/ultramastering.net\/avisolegal\/#breadcrumb"},"inLanguage":"es","potentialAction":[{"@type":"ReadAction","target":["https:\/\/ultramastering.net\/avisolegal\/"]}]},{"@type":"BreadcrumbList","@id":"https:\/\/ultramastering.net\/avisolegal\/#breadcrumb","itemListElement":[{"@type":"ListItem","position":1,"name":"Home","item":"https:\/\/ultramastering.net\/"},{"@type":"ListItem","position":2,"name":"AVISO LEGAL"}]},{"@type":"WebSite","@id":"https:\/\/ultramastering.net\/#website","url":"https:\/\/ultramastering.net\/","name":"ULTRA MASTERING","description":"Online Mixing and Mastering services for everyone.","publisher":{"@id":"https:\/\/ultramastering.net\/#organization"},"potentialAction":[{"@type":"SearchAction","target":{"@type":"EntryPoint","urlTemplate":"https:\/\/ultramastering.net\/?s={search_term_string}"},"query-input":{"@type":"PropertyValueSpecification","valueRequired":true,"valueName":"search_term_string"}}],"inLanguage":"es"},{"@type":"Organization","@id":"https:\/\/ultramastering.net\/#organization","name":"Ultra Mastering","url":"https:\/\/ultramastering.net\/","logo":{"@type":"ImageObject","inLanguage":"es","@id":"https:\/\/ultramastering.net\/#\/schema\/logo\/image\/","url":"https:\/\/ultramastering.net\/wp-content\/uploads\/2023\/02\/ultra-mastering-IG.png","contentUrl":"https:\/\/ultramastering.net\/wp-content\/uploads\/2023\/02\/ultra-mastering-IG.png","width":3000,"height":3000,"caption":"Ultra Mastering"},"image":{"@id":"https:\/\/ultramastering.net\/#\/schema\/logo\/image\/"}}]}},"_links":{"self":[{"href":"https:\/\/ultramastering.net\/es\/wp-json\/wp\/v2\/pages\/6348","targetHints":{"allow":["GET"]}}],"collection":[{"href":"https:\/\/ultramastering.net\/es\/wp-json\/wp\/v2\/pages"}],"about":[{"href":"https:\/\/ultramastering.net\/es\/wp-json\/wp\/v2\/types\/page"}],"author":[{"embeddable":true,"href":"https:\/\/ultramastering.net\/es\/wp-json\/wp\/v2\/users\/1"}],"replies":[{"embeddable":true,"href":"https:\/\/ultramastering.net\/es\/wp-json\/wp\/v2\/comments?post=6348"}],"version-history":[{"count":2,"href":"https:\/\/ultramastering.net\/es\/wp-json\/wp\/v2\/pages\/6348\/revisions"}],"predecessor-version":[{"id":6352,"href":"https:\/\/ultramastering.net\/es\/wp-json\/wp\/v2\/pages\/6348\/revisions\/6352"}],"wp:attachment":[{"href":"https:\/\/ultramastering.net\/es\/wp-json\/wp\/v2\/media?parent=6348"}],"curies":[{"name":"wp","href":"https:\/\/api.w.org\/{rel}","templated":true}]}}